{"id":1714,"date":"2024-10-18T09:51:12","date_gmt":"2024-10-18T09:51:12","guid":{"rendered":"https:\/\/shv.getsocial.oderland.agency\/hallbarhet\/"},"modified":"2025-03-05T06:49:42","modified_gmt":"2025-03-05T06:49:42","slug":"sustainability","status":"publish","type":"page","link":"https:\/\/shvgroup.com\/en\/about-us\/sustainability\/","title":{"rendered":"Sustainability"},"content":{"rendered":"\t\t<div data-elementor-type=\"wp-page\" data-elementor-id=\"1714\" class=\"elementor elementor-1714 elementor-268\" data-elementor-post-type=\"page\">\n\t\t\t\t<div class=\"elementor-element elementor-element-9cbd778 pb full-width no no e-flex e-con-boxed e-con e-parent\" data-id=\"9cbd778\" data-element_type=\"container\" data-settings=\"{&quot;background_background&quot;:&quot;classic&quot;}\">\n\t\t\t\t\t<div class=\"e-con-inner\">\n\t\t<div class=\"elementor-element elementor-element-0be6dda has-container hero full-width e-flex e-con-boxed e-con e-child\" data-id=\"0be6dda\" data-element_type=\"container\" data-settings=\"{&quot;background_background&quot;:&quot;classic&quot;}\">\n\t\t\t\t\t<div class=\"e-con-inner\">\n\t\t<div data-dce-background-overlay-color=\"#3A3532\" data-dce-background-image-url=\"https:\/\/shvgroup.com\/wp-content\/uploads\/2024\/11\/Produktion-29.jpg\" class=\"elementor-element elementor-element-72a52fe e-con-full full-width no no e-flex e-con e-child\" data-id=\"72a52fe\" data-element_type=\"container\" data-settings=\"{&quot;background_background&quot;:&quot;classic&quot;}\">\n\t\t\t\t<div class=\"elementor-element elementor-element-bb95738 custom-heading-1 elementor-widget elementor-widget-heading\" data-id=\"bb95738\" data-element_type=\"widget\" data-widget_type=\"heading.default\">\n\t\t\t\t<div class=\"elementor-widget-container\">\n\t\t\t\t\t<h2 class=\"elementor-heading-title elementor-size-default\">Sustainability<\/h2>\t\t\t\t<\/div>\n\t\t\t\t<\/div>\n\t\t\t\t<div class=\"elementor-element elementor-element-d3eb763 custom-text-size-L elementor-widget elementor-widget-text-editor\" data-id=\"d3eb763\" data-element_type=\"widget\" data-widget_type=\"text-editor.default\">\n\t\t\t\t<div class=\"elementor-widget-container\">\n\t\t\t\t\t\t\t\t\t<p>SHV Group strives to continuously improve its efforts in environmental responsibility, working conditions, and ethics, which are central aspects of its sustainability work. The priority focus areas are based on active dialogue with customers, employees, authorities, local organizations, and other stakeholders. Our goal is to reduce risks while optimizing costs and meeting stakeholder expectations.<\/p>\t\t\t\t\t\t\t\t<\/div>\n\t\t\t\t<\/div>\n\t\t\t\t<\/div>\n\t\t\t\t\t<\/div>\n\t\t\t\t<\/div>\n\t\t<div class=\"elementor-element elementor-element-affee17 has-container mt full-width e-flex e-con-boxed e-con e-child\" data-id=\"affee17\" data-element_type=\"container\" data-settings=\"{&quot;background_background&quot;:&quot;classic&quot;}\">\n\t\t\t\t\t<div class=\"e-con-inner\">\n\t\t<div class=\"elementor-element elementor-element-20110e0 e-con-full no e-flex e-con e-child\" data-id=\"20110e0\" data-element_type=\"container\" data-settings=\"{&quot;background_background&quot;:&quot;classic&quot;}\">\n\t\t<div data-dce-background-image-url=\"https:\/\/shvgroup.com\/wp-content\/uploads\/2024\/11\/SIBBHULTSVERKEN_144.jpg\" class=\"elementor-element elementor-element-ec48c8c e-con-full full-width no no e-flex e-con e-child\" data-id=\"ec48c8c\" data-element_type=\"container\" data-settings=\"{&quot;background_background&quot;:&quot;classic&quot;}\">\n\t\t\t\t<\/div>\n\t\t<div class=\"elementor-element elementor-element-1fd231a e-con-full full-width no no e-flex e-con e-child\" data-id=\"1fd231a\" data-element_type=\"container\">\n\t\t\t\t<div class=\"elementor-element elementor-element-79b09d1 elementor-widget elementor-widget-heading\" data-id=\"79b09d1\" data-element_type=\"widget\" data-widget_type=\"heading.default\">\n\t\t\t\t<div class=\"elementor-widget-container\">\n\t\t\t\t\t<p class=\"elementor-heading-title elementor-size-default\">Environment<\/p>\t\t\t\t<\/div>\n\t\t\t\t<\/div>\n\t\t\t\t<div class=\"elementor-element elementor-element-923ca7e custom-heading-2 elementor-widget elementor-widget-heading\" data-id=\"923ca7e\" data-element_type=\"widget\" data-widget_type=\"heading.default\">\n\t\t\t\t<div class=\"elementor-widget-container\">\n\t\t\t\t\t<h2 class=\"elementor-heading-title elementor-size-default\">Environmental efforts<\/h2>\t\t\t\t<\/div>\n\t\t\t\t<\/div>\n\t\t\t\t<div class=\"elementor-element elementor-element-3708b9b custom-text-size-L elementor-widget elementor-widget-text-editor\" data-id=\"3708b9b\" data-element_type=\"widget\" data-widget_type=\"text-editor.default\">\n\t\t\t\t<div class=\"elementor-widget-container\">\n\t\t\t\t\t\t\t\t\t<p>SHV Group focuses on continuously improving its methods and work processes to ensure compliance with environmental and occupational health legislation. Our environmental efforts aim to reduce the impact on the external environment by decreasing the use of natural resources, minimizing waste from manufacturing processes, and striving for the lowest possible energy consumption.<\/p><p>Through clearly defined work routines within each SHV Group company, regular inspections, identification, reporting, and remediation of any deficiencies are ensured.<\/p>\t\t\t\t\t\t\t\t<\/div>\n\t\t\t\t<\/div>\n\t\t\t\t<\/div>\n\t\t\t\t<\/div>\n\t\t\t\t\t<\/div>\n\t\t\t\t<\/div>\n\t\t\t\t\t<\/div>\n\t\t\t\t<\/div>\n\t\t<div class=\"elementor-element elementor-element-15bce6f pt full-width no no e-flex e-con-boxed e-con e-parent\" data-id=\"15bce6f\" data-element_type=\"container\" data-settings=\"{&quot;background_background&quot;:&quot;classic&quot;}\">\n\t\t\t\t\t<div class=\"e-con-inner\">\n\t\t<div class=\"elementor-element elementor-element-9aae91c has-container full-width e-flex e-con-boxed e-con e-child\" data-id=\"9aae91c\" data-element_type=\"container\" data-settings=\"{&quot;background_background&quot;:&quot;classic&quot;}\">\n\t\t\t\t\t<div class=\"e-con-inner\">\n\t\t<div class=\"elementor-element elementor-element-44084a4 e-con-full no e-flex e-con e-child\" data-id=\"44084a4\" data-element_type=\"container\" data-settings=\"{&quot;background_background&quot;:&quot;classic&quot;}\">\n\t\t<div class=\"elementor-element elementor-element-b455ccd e-con-full full-width no no e-flex e-con e-child\" data-id=\"b455ccd\" data-element_type=\"container\">\n\t\t\t\t<div class=\"elementor-element elementor-element-a3f4bea elementor-widget elementor-widget-heading\" data-id=\"a3f4bea\" data-element_type=\"widget\" data-widget_type=\"heading.default\">\n\t\t\t\t<div class=\"elementor-widget-container\">\n\t\t\t\t\t<p class=\"elementor-heading-title elementor-size-default\">Quality<\/p>\t\t\t\t<\/div>\n\t\t\t\t<\/div>\n\t\t\t\t<div class=\"elementor-element elementor-element-71fdf4c custom-heading-2 elementor-widget elementor-widget-heading\" data-id=\"71fdf4c\" data-element_type=\"widget\" data-widget_type=\"heading.default\">\n\t\t\t\t<div class=\"elementor-widget-container\">\n\t\t\t\t\t<h2 class=\"elementor-heading-title elementor-size-default\">Reliable quality<\/h2>\t\t\t\t<\/div>\n\t\t\t\t<\/div>\n\t\t\t\t<div class=\"elementor-element elementor-element-ff5a4c5 custom-text-size-L elementor-widget elementor-widget-text-editor\" data-id=\"ff5a4c5\" data-element_type=\"widget\" data-widget_type=\"text-editor.default\">\n\t\t\t\t<div class=\"elementor-widget-container\">\n\t\t\t\t\t\t\t\t\t<p>Quality is a central part of SHV Group\u2019s daily operations. Our goal is to always meet and exceed customer requirements, needs, and expectations by delivering products and services of reliable quality. This is achieved through the commitment, professionalism, and responsiveness of our employees, continuous training in quality matters, well-developed quality systems, and ongoing proactive improvement efforts.<\/p><p>We place great emphasis on quality work and strive for continuous improvements and corrective actions to develop our processes. Our results are regularly monitored through measurements, deviation reporting, and external audits.<\/p>\t\t\t\t\t\t\t\t<\/div>\n\t\t\t\t<\/div>\n\t\t\t\t<\/div>\n\t\t<div data-dce-background-image-url=\"https:\/\/shvgroup.com\/wp-content\/uploads\/2024\/11\/SIBBHULTSVERKEN_114.jpg\" class=\"elementor-element elementor-element-c7342a9 e-con-full full-width no no e-flex e-con e-child\" data-id=\"c7342a9\" data-element_type=\"container\" data-settings=\"{&quot;background_background&quot;:&quot;classic&quot;}\">\n\t\t\t\t<\/div>\n\t\t\t\t<\/div>\n\t\t\t\t\t<\/div>\n\t\t\t\t<\/div>\n\t\t<div class=\"elementor-element elementor-element-09dc663 mt has-container elementor-hidden-desktop elementor-hidden-laptop elementor-hidden-tablet_extra elementor-hidden-tablet elementor-hidden-mobile_extra elementor-hidden-mobile full-width no e-flex e-con-boxed e-con e-child\" data-id=\"09dc663\" data-element_type=\"container\" data-settings=\"{&quot;background_background&quot;:&quot;classic&quot;}\">\n\t\t\t\t\t<div class=\"e-con-inner\">\n\t\t<div class=\"elementor-element elementor-element-e46f8be e-con-full full-width no no e-flex e-con e-child\" data-id=\"e46f8be\" data-element_type=\"container\">\n\t\t\t\t<div class=\"elementor-element elementor-element-8d545ba custom-heading-4 elementor-widget elementor-widget-heading\" data-id=\"8d545ba\" data-element_type=\"widget\" data-widget_type=\"heading.default\">\n\t\t\t\t<div class=\"elementor-widget-container\">\n\t\t\t\t\t<h3 class=\"elementor-heading-title elementor-size-default\">V\u00e5ra policyer<\/h3>\t\t\t\t<\/div>\n\t\t\t\t<\/div>\n\t\t<div class=\"elementor-element elementor-element-7513c63 e-con-full full-width no no e-flex e-con e-child\" data-id=\"7513c63\" data-element_type=\"container\">\n\t\t\t\t<div class=\"elementor-element elementor-element-b5531a9 elementor-icon-list--layout-traditional elementor-list-item-link-full_width elementor-widget elementor-widget-icon-list\" data-id=\"b5531a9\" data-element_type=\"widget\" data-widget_type=\"icon-list.default\">\n\t\t\t\t<div class=\"elementor-widget-container\">\n\t\t\t\t\t\t\t<ul class=\"elementor-icon-list-items\">\n\t\t\t\t\t\t\t<li class=\"elementor-icon-list-item\">\n\t\t\t\t\t\t\t\t\t\t\t<span class=\"elementor-icon-list-icon\">\n\t\t\t\t\t\t\t<svg xmlns=\"http:\/\/www.w3.org\/2000\/svg\" width=\"26\" height=\"26\" viewBox=\"0 0 26 26\" fill=\"none\"><rect width=\"26\" height=\"26\" fill=\"#C23C32\"><\/rect><path d=\"M8 12.9976H18\" stroke=\"white\" stroke-width=\"1.5\" stroke-linecap=\"round\" stroke-linejoin=\"round\"><\/path><path d=\"M13.3848 8.38452L18.0001 12.9999L13.3848 17.6153\" stroke=\"white\" stroke-width=\"1.5\" stroke-linecap=\"round\" stroke-linejoin=\"round\"><\/path><\/svg>\t\t\t\t\t\t<\/span>\n\t\t\t\t\t\t\t\t\t\t<span class=\"elementor-icon-list-text\">Code of conduct SHV AB<\/span>\n\t\t\t\t\t\t\t\t\t<\/li>\n\t\t\t\t\t\t\t\t<li class=\"elementor-icon-list-item\">\n\t\t\t\t\t\t\t\t\t\t\t<span class=\"elementor-icon-list-icon\">\n\t\t\t\t\t\t\t<svg xmlns=\"http:\/\/www.w3.org\/2000\/svg\" width=\"26\" height=\"26\" viewBox=\"0 0 26 26\" fill=\"none\"><rect width=\"26\" height=\"26\" fill=\"#C23C32\"><\/rect><path d=\"M8 12.9976H18\" stroke=\"white\" stroke-width=\"1.5\" stroke-linecap=\"round\" stroke-linejoin=\"round\"><\/path><path d=\"M13.3848 8.38452L18.0001 12.9999L13.3848 17.6153\" stroke=\"white\" stroke-width=\"1.5\" stroke-linecap=\"round\" stroke-linejoin=\"round\"><\/path><\/svg>\t\t\t\t\t\t<\/span>\n\t\t\t\t\t\t\t\t\t\t<span class=\"elementor-icon-list-text\">H\u00e5llbarhetspolicy SHV AB<\/span>\n\t\t\t\t\t\t\t\t\t<\/li>\n\t\t\t\t\t\t\t\t<li class=\"elementor-icon-list-item\">\n\t\t\t\t\t\t\t\t\t\t\t<span class=\"elementor-icon-list-icon\">\n\t\t\t\t\t\t\t<svg xmlns=\"http:\/\/www.w3.org\/2000\/svg\" width=\"26\" height=\"26\" viewBox=\"0 0 26 26\" fill=\"none\"><rect width=\"26\" height=\"26\" fill=\"#C23C32\"><\/rect><path d=\"M8 12.9976H18\" stroke=\"white\" stroke-width=\"1.5\" stroke-linecap=\"round\" stroke-linejoin=\"round\"><\/path><path d=\"M13.3848 8.38452L18.0001 12.9999L13.3848 17.6153\" stroke=\"white\" stroke-width=\"1.5\" stroke-linecap=\"round\" stroke-linejoin=\"round\"><\/path><\/svg>\t\t\t\t\t\t<\/span>\n\t\t\t\t\t\t\t\t\t\t<span class=\"elementor-icon-list-text\">Visselbl\u00e5sning informationstext<\/span>\n\t\t\t\t\t\t\t\t\t<\/li>\n\t\t\t\t\t\t\t\t<li class=\"elementor-icon-list-item\">\n\t\t\t\t\t\t\t\t\t\t\t<span class=\"elementor-icon-list-icon\">\n\t\t\t\t\t\t\t<svg xmlns=\"http:\/\/www.w3.org\/2000\/svg\" width=\"26\" height=\"26\" viewBox=\"0 0 26 26\" fill=\"none\"><rect width=\"26\" height=\"26\" fill=\"#C23C32\"><\/rect><path d=\"M8 12.9976H18\" stroke=\"white\" stroke-width=\"1.5\" stroke-linecap=\"round\" stroke-linejoin=\"round\"><\/path><path d=\"M13.3848 8.38452L18.0001 12.9999L13.3848 17.6153\" stroke=\"white\" stroke-width=\"1.5\" stroke-linecap=\"round\" stroke-linejoin=\"round\"><\/path><\/svg>\t\t\t\t\t\t<\/span>\n\t\t\t\t\t\t\t\t\t\t<span class=\"elementor-icon-list-text\">Visselbl\u00e5sning<\/span>\n\t\t\t\t\t\t\t\t\t<\/li>\n\t\t\t\t\t\t\t\t<li class=\"elementor-icon-list-item\">\n\t\t\t\t\t\t\t\t\t\t\t<span class=\"elementor-icon-list-icon\">\n\t\t\t\t\t\t\t<svg xmlns=\"http:\/\/www.w3.org\/2000\/svg\" width=\"26\" height=\"26\" viewBox=\"0 0 26 26\" fill=\"none\"><rect width=\"26\" height=\"26\" fill=\"#C23C32\"><\/rect><path d=\"M8 12.9976H18\" stroke=\"white\" stroke-width=\"1.5\" stroke-linecap=\"round\" stroke-linejoin=\"round\"><\/path><path d=\"M13.3848 8.38452L18.0001 12.9999L13.3848 17.6153\" stroke=\"white\" stroke-width=\"1.5\" stroke-linecap=\"round\" stroke-linejoin=\"round\"><\/path><\/svg>\t\t\t\t\t\t<\/span>\n\t\t\t\t\t\t\t\t\t\t<span class=\"elementor-icon-list-text\">Kvalitetspolicy<\/span>\n\t\t\t\t\t\t\t\t\t<\/li>\n\t\t\t\t\t\t<\/ul>\n\t\t\t\t\t\t<\/div>\n\t\t\t\t<\/div>\n\t\t\t\t<\/div>\n\t\t\t\t<\/div>\n\t\t<div class=\"elementor-element elementor-element-2e82add e-con-full full-width no no e-flex e-con e-child\" data-id=\"2e82add\" data-element_type=\"container\">\n\t\t\t\t<div class=\"elementor-element elementor-element-a9052c6 custom-heading-4 elementor-widget elementor-widget-heading\" data-id=\"a9052c6\" data-element_type=\"widget\" data-widget_type=\"heading.default\">\n\t\t\t\t<div class=\"elementor-widget-container\">\n\t\t\t\t\t<h3 class=\"elementor-heading-title elementor-size-default\">V\u00e5ra krav p\u00e5 v\u00e5ra leverant\u00f6rer<\/h3>\t\t\t\t<\/div>\n\t\t\t\t<\/div>\n\t\t\t\t<div class=\"elementor-element elementor-element-8171740 elementor-icon-list--layout-traditional elementor-list-item-link-full_width elementor-widget elementor-widget-icon-list\" data-id=\"8171740\" data-element_type=\"widget\" data-widget_type=\"icon-list.default\">\n\t\t\t\t<div class=\"elementor-widget-container\">\n\t\t\t\t\t\t\t<ul class=\"elementor-icon-list-items\">\n\t\t\t\t\t\t\t<li class=\"elementor-icon-list-item\">\n\t\t\t\t\t\t\t\t\t\t\t<span class=\"elementor-icon-list-icon\">\n\t\t\t\t\t\t\t<svg xmlns=\"http:\/\/www.w3.org\/2000\/svg\" width=\"26\" height=\"26\" viewBox=\"0 0 26 26\" fill=\"none\"><rect width=\"26\" height=\"26\" fill=\"#C23C32\"><\/rect><path d=\"M8 12.9976H18\" stroke=\"white\" stroke-width=\"1.5\" stroke-linecap=\"round\" stroke-linejoin=\"round\"><\/path><path d=\"M13.3848 8.38452L18.0001 12.9999L13.3848 17.6153\" stroke=\"white\" stroke-width=\"1.5\" stroke-linecap=\"round\" stroke-linejoin=\"round\"><\/path><\/svg>\t\t\t\t\t\t<\/span>\n\t\t\t\t\t\t\t\t\t\t<span class=\"elementor-icon-list-text\">Generella krav p\u00e5 strategiska leverant\u00f6rer<\/span>\n\t\t\t\t\t\t\t\t\t<\/li>\n\t\t\t\t\t\t\t\t<li class=\"elementor-icon-list-item\">\n\t\t\t\t\t\t\t\t\t\t\t<span class=\"elementor-icon-list-icon\">\n\t\t\t\t\t\t\t<svg xmlns=\"http:\/\/www.w3.org\/2000\/svg\" width=\"26\" height=\"26\" viewBox=\"0 0 26 26\" fill=\"none\"><rect width=\"26\" height=\"26\" fill=\"#C23C32\"><\/rect><path d=\"M8 12.9976H18\" stroke=\"white\" stroke-width=\"1.5\" stroke-linecap=\"round\" stroke-linejoin=\"round\"><\/path><path d=\"M13.3848 8.38452L18.0001 12.9999L13.3848 17.6153\" stroke=\"white\" stroke-width=\"1.5\" stroke-linecap=\"round\" stroke-linejoin=\"round\"><\/path><\/svg>\t\t\t\t\t\t<\/span>\n\t\t\t\t\t\t\t\t\t\t<span class=\"elementor-icon-list-text\">Krav p\u00e5 milj\u00f6p\u00e5verkande leverant\u00f6rer<\/span>\n\t\t\t\t\t\t\t\t\t<\/li>\n\t\t\t\t\t\t<\/ul>\n\t\t\t\t\t\t<\/div>\n\t\t\t\t<\/div>\n\t\t\t\t<\/div>\n\t\t\t\t\t<\/div>\n\t\t\t\t<\/div>\n\t\t\t\t\t<\/div>\n\t\t\t\t<\/div>\n\t\t\t\t<\/div>\n\t\t","protected":false},"excerpt":{"rendered":"<p>Sustainability SHV Group strives to continuously improve its efforts in environmental responsibility, working conditions, and ethics, which are central aspects of its sustainability work. The priority focus areas are based on active dialogue with customers, employees, authorities, local organizations, and other stakeholders. Our goal is to reduce risks while optimizing costs and meeting stakeholder expectations. [&hellip;]<\/p>\n","protected":false},"author":1,"featured_media":0,"parent":1716,"menu_order":12,"comment_status":"closed","ping_status":"closed","template":"","meta":{"_acf_changed":false,"footnotes":""},"class_list":["post-1714","page","type-page","status-publish","hentry"],"acf":[],"yoast_head":"<!-- This site is optimized with the Yoast SEO plugin v25.3.1 - https:\/\/yoast.com\/wordpress\/plugins\/seo\/ -->\n<title>Sustainability | SHV Group<\/title>\n<meta name=\"robots\" content=\"index, follow, max-snippet:-1, max-image-preview:large, max-video-preview:-1\" \/>\n<link rel=\"canonical\" href=\"https:\/\/shvgroup.com\/en\/about-us\/sustainability\/\" \/>\n<meta property=\"og:locale\" content=\"en_US\" \/>\n<meta property=\"og:type\" content=\"article\" \/>\n<meta property=\"og:title\" content=\"Sustainability | SHV Group\" \/>\n<meta property=\"og:description\" content=\"Sustainability SHV Group strives to continuously improve its efforts in environmental responsibility, working conditions, and ethics, which are central aspects of its sustainability work. The priority focus areas are based on active dialogue with customers, employees, authorities, local organizations, and other stakeholders. Our goal is to reduce risks while optimizing costs and meeting stakeholder expectations. [&hellip;]\" \/>\n<meta property=\"og:url\" content=\"https:\/\/shvgroup.com\/en\/about-us\/sustainability\/\" \/>\n<meta property=\"og:site_name\" content=\"SHV Group\" \/>\n<meta property=\"article:modified_time\" content=\"2025-03-05T06:49:42+00:00\" \/>\n<meta property=\"og:image\" content=\"https:\/\/shvgroup.com\/wp-content\/uploads\/2024\/11\/KONGAVERKEN_209.jpg\" \/>\n\t<meta property=\"og:image:width\" content=\"2000\" \/>\n\t<meta property=\"og:image:height\" content=\"1333\" \/>\n\t<meta property=\"og:image:type\" content=\"image\/jpeg\" \/>\n<meta name=\"twitter:card\" content=\"summary_large_image\" \/>\n<meta name=\"twitter:label1\" content=\"Est. reading time\" \/>\n\t<meta name=\"twitter:data1\" content=\"2 minutes\" \/>\n<script type=\"application\/ld+json\" class=\"yoast-schema-graph\">{\"@context\":\"https:\/\/schema.org\",\"@graph\":[{\"@type\":\"WebPage\",\"@id\":\"https:\/\/shvgroup.com\/en\/about-us\/sustainability\/\",\"url\":\"https:\/\/shvgroup.com\/en\/about-us\/sustainability\/\",\"name\":\"Sustainability | SHV Group\",\"isPartOf\":{\"@id\":\"https:\/\/shvgroup.com\/en\/#website\"},\"datePublished\":\"2024-10-18T09:51:12+00:00\",\"dateModified\":\"2025-03-05T06:49:42+00:00\",\"breadcrumb\":{\"@id\":\"https:\/\/shvgroup.com\/en\/about-us\/sustainability\/#breadcrumb\"},\"inLanguage\":\"en-US\",\"potentialAction\":[{\"@type\":\"ReadAction\",\"target\":[\"https:\/\/shvgroup.com\/en\/about-us\/sustainability\/\"]}]},{\"@type\":\"BreadcrumbList\",\"@id\":\"https:\/\/shvgroup.com\/en\/about-us\/sustainability\/#breadcrumb\",\"itemListElement\":[{\"@type\":\"ListItem\",\"position\":1,\"name\":\"Home\",\"item\":\"https:\/\/shvgroup.com\/en\/\"},{\"@type\":\"ListItem\",\"position\":2,\"name\":\"About us\",\"item\":\"https:\/\/shvgroup.com\/en\/about-us\/\"},{\"@type\":\"ListItem\",\"position\":3,\"name\":\"Sustainability\"}]},{\"@type\":\"WebSite\",\"@id\":\"https:\/\/shvgroup.com\/en\/#website\",\"url\":\"https:\/\/shvgroup.com\/en\/\",\"name\":\"SHV Group\",\"description\":\"\",\"publisher\":{\"@id\":\"https:\/\/shvgroup.com\/en\/#organization\"},\"potentialAction\":[{\"@type\":\"SearchAction\",\"target\":{\"@type\":\"EntryPoint\",\"urlTemplate\":\"https:\/\/shvgroup.com\/en\/?s={search_term_string}\"},\"query-input\":{\"@type\":\"PropertyValueSpecification\",\"valueRequired\":true,\"valueName\":\"search_term_string\"}}],\"inLanguage\":\"en-US\"},{\"@type\":\"Organization\",\"@id\":\"https:\/\/shvgroup.com\/en\/#organization\",\"name\":\"SHV Group\",\"url\":\"https:\/\/shvgroup.com\/en\/\",\"logo\":{\"@type\":\"ImageObject\",\"inLanguage\":\"en-US\",\"@id\":\"https:\/\/shvgroup.com\/en\/#\/schema\/logo\/image\/\",\"url\":\"https:\/\/shvgroup.com\/wp-content\/uploads\/2024\/10\/shv-group-logo.svg\",\"contentUrl\":\"https:\/\/shvgroup.com\/wp-content\/uploads\/2024\/10\/shv-group-logo.svg\",\"width\":138,\"height\":59,\"caption\":\"SHV Group\"},\"image\":{\"@id\":\"https:\/\/shvgroup.com\/en\/#\/schema\/logo\/image\/\"}}]}<\/script>\n<!-- \/ Yoast SEO plugin. -->","yoast_head_json":{"title":"Sustainability | SHV Group","robots":{"index":"index","follow":"follow","max-snippet":"max-snippet:-1","max-image-preview":"max-image-preview:large","max-video-preview":"max-video-preview:-1"},"canonical":"https:\/\/shvgroup.com\/en\/about-us\/sustainability\/","og_locale":"en_US","og_type":"article","og_title":"Sustainability | SHV Group","og_description":"Sustainability SHV Group strives to continuously improve its efforts in environmental responsibility, working conditions, and ethics, which are central aspects of its sustainability work. The priority focus areas are based on active dialogue with customers, employees, authorities, local organizations, and other stakeholders. Our goal is to reduce risks while optimizing costs and meeting stakeholder expectations. [&hellip;]","og_url":"https:\/\/shvgroup.com\/en\/about-us\/sustainability\/","og_site_name":"SHV Group","article_modified_time":"2025-03-05T06:49:42+00:00","og_image":[{"width":2000,"height":1333,"url":"https:\/\/shvgroup.com\/wp-content\/uploads\/2024\/11\/KONGAVERKEN_209.jpg","type":"image\/jpeg"}],"twitter_card":"summary_large_image","twitter_misc":{"Est. reading time":"2 minutes"},"schema":{"@context":"https:\/\/schema.org","@graph":[{"@type":"WebPage","@id":"https:\/\/shvgroup.com\/en\/about-us\/sustainability\/","url":"https:\/\/shvgroup.com\/en\/about-us\/sustainability\/","name":"Sustainability | SHV Group","isPartOf":{"@id":"https:\/\/shvgroup.com\/en\/#website"},"datePublished":"2024-10-18T09:51:12+00:00","dateModified":"2025-03-05T06:49:42+00:00","breadcrumb":{"@id":"https:\/\/shvgroup.com\/en\/about-us\/sustainability\/#breadcrumb"},"inLanguage":"en-US","potentialAction":[{"@type":"ReadAction","target":["https:\/\/shvgroup.com\/en\/about-us\/sustainability\/"]}]},{"@type":"BreadcrumbList","@id":"https:\/\/shvgroup.com\/en\/about-us\/sustainability\/#breadcrumb","itemListElement":[{"@type":"ListItem","position":1,"name":"Home","item":"https:\/\/shvgroup.com\/en\/"},{"@type":"ListItem","position":2,"name":"About us","item":"https:\/\/shvgroup.com\/en\/about-us\/"},{"@type":"ListItem","position":3,"name":"Sustainability"}]},{"@type":"WebSite","@id":"https:\/\/shvgroup.com\/en\/#website","url":"https:\/\/shvgroup.com\/en\/","name":"SHV Group","description":"","publisher":{"@id":"https:\/\/shvgroup.com\/en\/#organization"},"potentialAction":[{"@type":"SearchAction","target":{"@type":"EntryPoint","urlTemplate":"https:\/\/shvgroup.com\/en\/?s={search_term_string}"},"query-input":{"@type":"PropertyValueSpecification","valueRequired":true,"valueName":"search_term_string"}}],"inLanguage":"en-US"},{"@type":"Organization","@id":"https:\/\/shvgroup.com\/en\/#organization","name":"SHV Group","url":"https:\/\/shvgroup.com\/en\/","logo":{"@type":"ImageObject","inLanguage":"en-US","@id":"https:\/\/shvgroup.com\/en\/#\/schema\/logo\/image\/","url":"https:\/\/shvgroup.com\/wp-content\/uploads\/2024\/10\/shv-group-logo.svg","contentUrl":"https:\/\/shvgroup.com\/wp-content\/uploads\/2024\/10\/shv-group-logo.svg","width":138,"height":59,"caption":"SHV Group"},"image":{"@id":"https:\/\/shvgroup.com\/en\/#\/schema\/logo\/image\/"}}]}},"_links":{"self":[{"href":"https:\/\/shvgroup.com\/en\/wp-json\/wp\/v2\/pages\/1714","targetHints":{"allow":["GET"]}}],"collection":[{"href":"https:\/\/shvgroup.com\/en\/wp-json\/wp\/v2\/pages"}],"about":[{"href":"https:\/\/shvgroup.com\/en\/wp-json\/wp\/v2\/types\/page"}],"author":[{"embeddable":true,"href":"https:\/\/shvgroup.com\/en\/wp-json\/wp\/v2\/users\/1"}],"replies":[{"embeddable":true,"href":"https:\/\/shvgroup.com\/en\/wp-json\/wp\/v2\/comments?post=1714"}],"version-history":[{"count":4,"href":"https:\/\/shvgroup.com\/en\/wp-json\/wp\/v2\/pages\/1714\/revisions"}],"predecessor-version":[{"id":1850,"href":"https:\/\/shvgroup.com\/en\/wp-json\/wp\/v2\/pages\/1714\/revisions\/1850"}],"up":[{"embeddable":true,"href":"https:\/\/shvgroup.com\/en\/wp-json\/wp\/v2\/pages\/1716"}],"wp:attachment":[{"href":"https:\/\/shvgroup.com\/en\/wp-json\/wp\/v2\/media?parent=1714"}],"curies":[{"name":"wp","href":"https:\/\/api.w.org\/{rel}","templated":true}]}}